{"id":16,"date":"2017-06-12T20:22:49","date_gmt":"2017-06-12T18:22:49","guid":{"rendered":"http:\/\/www.alessandra.world\/wordpress\/?page_id=16"},"modified":"2024-04-03T17:44:14","modified_gmt":"2024-04-03T15:44:14","slug":"accueil","status":"publish","type":"page","link":"https:\/\/alessandra.world\/","title":{"rendered":"Accueil"},"content":{"rendered":"\t\t<div data-elementor-type=\"wp-page\" data-elementor-id=\"16\" class=\"elementor elementor-16\">\n\t\t\t\t\t\t<section class=\"elementor-section elementor-top-section elementor-element elementor-element-3e2b5c1 elementor-section-boxed elementor-section-height-default elementor-section-height-default\" data-id=\"3e2b5c1\" data-element_type=\"section\" data-e-type=\"section\">\n\t\t\t\t\t\t<div class=\"elementor-container elementor-column-gap-default\">\n\t\t\t\t\t<div class=\"elementor-column elementor-col-100 elementor-top-column elementor-element elementor-element-f3cd077\" data-id=\"f3cd077\" data-element_type=\"column\" data-e-type=\"column\">\n\t\t\t<div class=\"elementor-widget-wrap elementor-element-populated\">\n\t\t\t\t\t\t<div class=\"elementor-element elementor-element-6q0kiua elementor-widget elementor-widget-text-editor\" data-id=\"6q0kiua\" data-element_type=\"widget\" data-e-type=\"widget\" data-widget_type=\"text-editor.default\">\n\t\t\t\t<div class=\"elementor-widget-container\">\n\t\t\t\t\t\t\t\t\t<p>Alessandra Haldi Piano n\u00e9e le 18.06.1972 en Italie.<br>Artiste Italo-Suisse, \u00e9tablie \u00e0 Gen\u00e8ve depuis 1978.<br>Atelier d&rsquo;artiste situ\u00e9 au centre-ville de Gen\u00e8ve, au bord du Lac L\u00e9man.<br>Peintre depuis 1991.<\/p>\n<p>Peinture \u00e0 l&rsquo;huile pendant environ 15 ans.<br>Plusieurs expositions en Suisse, en France et en Espagne (Ibiza).<\/p>\n<p>2008<br>Plasticienne<br>D\u00e9but de plusieurs support utilis\u00e9s, peinture acrylique, b\u00e9ton, colle, bois, etc.<\/p>\n<p>2016-2017<br>Exp\u00e9rimente la r\u00e9sine et le sable sur de grandes toiles, ainsi que des \u0153uvres en b\u00e9ton, devenant de plus en plus grandes.<\/p>\t\t\t\t\t\t\t\t<\/div>\n\t\t\t\t<\/div>\n\t\t\t\t\t<\/div>\n\t\t<\/div>\n\t\t\t\t\t<\/div>\n\t\t<\/section>\n\t\t\t\t<section class=\"elementor-section elementor-top-section elementor-element elementor-element-6b5ee8c elementor-section-boxed elementor-section-height-default elementor-section-height-default\" data-id=\"6b5ee8c\" data-element_type=\"section\" data-e-type=\"section\">\n\t\t\t\t\t\t<div class=\"elementor-container elementor-column-gap-default\">\n\t\t\t\t\t<div class=\"elementor-column elementor-col-100 elementor-top-column elementor-element elementor-element-f8dcdf1\" data-id=\"f8dcdf1\" data-element_type=\"column\" data-e-type=\"column\">\n\t\t\t<div class=\"elementor-widget-wrap elementor-element-populated\">\n\t\t\t\t\t\t<div class=\"elementor-element elementor-element-f99dc6e elementor-widget elementor-widget-image\" data-id=\"f99dc6e\" data-element_type=\"widget\" data-e-type=\"widget\" data-widget_type=\"image.default\">\n\t\t\t\t<div class=\"elementor-widget-container\">\n\t\t\t\t\t\t\t\t\t\t\t\t\t\t\t<img fetchpriority=\"high\" decoding=\"async\" data-attachment-id=\"379\" data-permalink=\"https:\/\/alessandra.world\/index.php\/oeuvres-2018\/img_6389\/\" data-orig-file=\"https:\/\/i0.wp.com\/alessandra.world\/wp-content\/uploads\/2019\/09\/IMG_6389-e1569169633585.jpg?fit=3024%2C4032&amp;ssl=1\" data-orig-size=\"3024,4032\" data-comments-opened=\"1\" data-image-meta=\"{&quot;aperture&quot;:&quot;1.8&quot;,&quot;credit&quot;:&quot;&quot;,&quot;camera&quot;:&quot;iPhone 8&quot;,&quot;caption&quot;:&quot;&quot;,&quot;created_timestamp&quot;:&quot;1569176268&quot;,&quot;copyright&quot;:&quot;&quot;,&quot;focal_length&quot;:&quot;3.99&quot;,&quot;iso&quot;:&quot;640&quot;,&quot;shutter_speed&quot;:&quot;0.043478260869565&quot;,&quot;title&quot;:&quot;&quot;,&quot;orientation&quot;:&quot;6&quot;}\" data-image-title=\"Portrait nature\" data-image-description=\"\" data-image-caption=\"\" data-large-file=\"https:\/\/i0.wp.com\/alessandra.world\/wp-content\/uploads\/2019\/09\/IMG_6389-e1569169633585.jpg?fit=525%2C700&amp;ssl=1\" width=\"225\" height=\"300\" src=\"https:\/\/i0.wp.com\/alessandra.world\/wp-content\/uploads\/2019\/09\/IMG_6389-e1569169633585.jpg?fit=225%2C300&amp;ssl=1\" class=\"attachment-medium size-medium wp-image-379\" alt=\"\" srcset=\"https:\/\/i0.wp.com\/alessandra.world\/wp-content\/uploads\/2019\/09\/IMG_6389-e1569169633585.jpg?w=3024&amp;ssl=1 3024w, https:\/\/i0.wp.com\/alessandra.world\/wp-content\/uploads\/2019\/09\/IMG_6389-e1569169633585.jpg?resize=225%2C300&amp;ssl=1 225w, https:\/\/i0.wp.com\/alessandra.world\/wp-content\/uploads\/2019\/09\/IMG_6389-e1569169633585.jpg?resize=768%2C1024&amp;ssl=1 768w, https:\/\/i0.wp.com\/alessandra.world\/wp-content\/uploads\/2019\/09\/IMG_6389-e1569169633585.jpg?w=1288 1288w, https:\/\/i0.wp.com\/alessandra.world\/wp-content\/uploads\/2019\/09\/IMG_6389-e1569169633585.jpg?w=1932 1932w\" sizes=\"100vw\" data-attachment-id=\"379\" data-permalink=\"https:\/\/alessandra.world\/index.php\/oeuvres-2018\/img_6389\/\" data-orig-file=\"https:\/\/i0.wp.com\/alessandra.world\/wp-content\/uploads\/2019\/09\/IMG_6389-e1569169633585.jpg?fit=3024%2C4032&amp;ssl=1\" data-orig-size=\"3024,4032\" data-comments-opened=\"1\" data-image-meta=\"{&quot;aperture&quot;:&quot;1.8&quot;,&quot;credit&quot;:&quot;&quot;,&quot;camera&quot;:&quot;iPhone 8&quot;,&quot;caption&quot;:&quot;&quot;,&quot;created_timestamp&quot;:&quot;1569176268&quot;,&quot;copyright&quot;:&quot;&quot;,&quot;focal_length&quot;:&quot;3.99&quot;,&quot;iso&quot;:&quot;640&quot;,&quot;shutter_speed&quot;:&quot;0.043478260869565&quot;,&quot;title&quot;:&quot;&quot;,&quot;orientation&quot;:&quot;6&quot;}\" data-image-title=\"Portrait nature\" data-image-description=\"\" data-image-caption=\"\" data-large-file=\"https:\/\/i0.wp.com\/alessandra.world\/wp-content\/uploads\/2019\/09\/IMG_6389-e1569169633585.jpg?fit=644%2C859&amp;ssl=1\" \/>\t\t\t\t\t\t\t\t\t\t\t\t\t\t\t<\/div>\n\t\t\t\t<\/div>\n\t\t\t\t\t<\/div>\n\t\t<\/div>\n\t\t\t\t\t<\/div>\n\t\t<\/section>\n\t\t\t\t<section class=\"elementor-section elementor-top-section elementor-element elementor-element-ac268ac elementor-section-boxed elementor-section-height-default elementor-section-height-default\" data-id=\"ac268ac\" data-element_type=\"section\" data-e-type=\"section\">\n\t\t\t\t\t\t<div class=\"elementor-container elementor-column-gap-default\">\n\t\t\t\t\t<div class=\"elementor-column elementor-col-100 elementor-top-column elementor-element elementor-element-dcbab10\" data-id=\"dcbab10\" data-element_type=\"column\" data-e-type=\"column\">\n\t\t\t<div class=\"elementor-widget-wrap elementor-element-populated\">\n\t\t\t\t\t\t<div class=\"elementor-element elementor-element-acfe0b4 elementor-widget elementor-widget-spacer\" data-id=\"acfe0b4\" data-element_type=\"widget\" data-e-type=\"widget\" data-widget_type=\"spacer.default\">\n\t\t\t\t<div class=\"elementor-widget-container\">\n\t\t\t\t\t\t\t<div class=\"elementor-spacer\">\n\t\t\t<div class=\"elementor-spacer-inner\"><\/div>\n\t\t<\/div>\n\t\t\t\t\t\t<\/div>\n\t\t\t\t<\/div>\n\t\t\t\t\t<\/div>\n\t\t<\/div>\n\t\t\t\t\t<\/div>\n\t\t<\/section>\n\t\t\t\t<section class=\"elementor-section elementor-top-section elementor-element elementor-element-c99e737 elementor-section-boxed elementor-section-height-default elementor-section-height-default\" data-id=\"c99e737\" data-element_type=\"section\" data-e-type=\"section\">\n\t\t\t\t\t\t<div class=\"elementor-container elementor-column-gap-default\">\n\t\t\t\t\t<div class=\"elementor-column elementor-col-100 elementor-top-column elementor-element elementor-element-89a6969\" data-id=\"89a6969\" data-element_type=\"column\" data-e-type=\"column\">\n\t\t\t<div class=\"elementor-widget-wrap elementor-element-populated\">\n\t\t\t\t\t\t<div class=\"elementor-element elementor-element-f134375 elementor-widget elementor-widget-video\" data-id=\"f134375\" data-element_type=\"widget\" data-e-type=\"widget\" data-settings=\"{&quot;video_type&quot;:&quot;hosted&quot;,&quot;controls&quot;:&quot;yes&quot;}\" data-widget_type=\"video.default\">\n\t\t\t\t<div class=\"elementor-widget-container\">\n\t\t\t\t\t\t\t<div class=\"e-hosted-video elementor-wrapper elementor-open-inline\">\n\t\t\t\t\t<video class=\"elementor-video\" src=\"http:\/\/alessandra.world\/wp-content\/uploads\/2024\/04\/13907985-edd9-46ba-ade2-81ace13e6ac3.mp4\" controls=\"\" preload=\"metadata\" controlsList=\"nodownload\"><\/video>\n\t\t\t\t<\/div>\n\t\t\t\t\t\t<\/div>\n\t\t\t\t<\/div>\n\t\t\t\t\t<\/div>\n\t\t<\/div>\n\t\t\t\t\t<\/div>\n\t\t<\/section>\n\t\t\t\t<\/div>\n\t\t","protected":false},"excerpt":{"rendered":"<p>Alessandra Haldi Piano n\u00e9e le 18.06.1972 en Italie.Artiste Italo-Suisse, \u00e9tablie \u00e0 Gen\u00e8ve depuis 1978.Atelier d&rsquo;artiste situ\u00e9 au centre-ville de Gen\u00e8ve, au bord du Lac L\u00e9man.Peintre depuis 1991. Peinture \u00e0 l&rsquo;huile pendant environ 15 ans.Plusieurs expositions en Suisse, en France et en Espagne (Ibiza). 2008PlasticienneD\u00e9but de plusieurs support utilis\u00e9s, peinture acrylique, b\u00e9ton, colle, bois, etc. 2016-2017Exp\u00e9rimente &hellip; <\/p>\n<p class=\"link-more\"><a href=\"https:\/\/alessandra.world\/\" class=\"more-link\">Continuer la lecture<span class=\"screen-reader-text\"> de &laquo;&nbsp;Accueil&nbsp;&raquo;<\/span><\/a><\/p>\n","protected":false},"author":1,"featured_media":60,"parent":0,"menu_order":0,"comment_status":"closed","ping_status":"closed","template":"","meta":{"_acf_changed":false,"footnotes":""},"class_list":["post-16","page","type-page","status-publish","has-post-thumbnail","hentry"],"acf":[],"jetpack_sharing_enabled":true,"jetpack_shortlink":"https:\/\/wp.me\/P8Qne6-g","jetpack-related-posts":[],"_links":{"self":[{"href":"https:\/\/alessandra.world\/index.php\/wp-json\/wp\/v2\/pages\/16","targetHints":{"allow":["GET"]}}],"collection":[{"href":"https:\/\/alessandra.world\/index.php\/wp-json\/wp\/v2\/pages"}],"about":[{"href":"https:\/\/alessandra.world\/index.php\/wp-json\/wp\/v2\/types\/page"}],"author":[{"embeddable":true,"href":"https:\/\/alessandra.world\/index.php\/wp-json\/wp\/v2\/users\/1"}],"replies":[{"embeddable":true,"href":"https:\/\/alessandra.world\/index.php\/wp-json\/wp\/v2\/comments?post=16"}],"version-history":[{"count":80,"href":"https:\/\/alessandra.world\/index.php\/wp-json\/wp\/v2\/pages\/16\/revisions"}],"predecessor-version":[{"id":886,"href":"https:\/\/alessandra.world\/index.php\/wp-json\/wp\/v2\/pages\/16\/revisions\/886"}],"wp:featuredmedia":[{"embeddable":true,"href":"https:\/\/alessandra.world\/index.php\/wp-json\/wp\/v2\/media\/60"}],"wp:attachment":[{"href":"https:\/\/alessandra.world\/index.php\/wp-json\/wp\/v2\/media?parent=16"}],"curies":[{"name":"wp","href":"https:\/\/api.w.org\/{rel}","templated":true}]}}