{"id":172,"date":"2017-06-24T13:26:10","date_gmt":"2017-06-24T11:26:10","guid":{"rendered":"http:\/\/www.alessandra.world\/?page_id=172"},"modified":"2020-07-24T20:59:33","modified_gmt":"2020-07-24T18:59:33","slug":"oeuvres2017","status":"publish","type":"page","link":"https:\/\/alessandra.world\/index.php\/oeuvres2017\/","title":{"rendered":"\u0152uvres 2017"},"content":{"rendered":"\t\t<div data-elementor-type=\"wp-page\" data-elementor-id=\"172\" class=\"elementor elementor-172\">\n\t\t\t\t\t\t<section class=\"elementor-section elementor-top-section elementor-element elementor-element-s9ra86r elementor-section-boxed elementor-section-height-default elementor-section-height-default\" data-id=\"s9ra86r\" data-element_type=\"section\" data-e-type=\"section\">\n\t\t\t\t\t\t<div class=\"elementor-container elementor-column-gap-default\">\n\t\t\t\t\t<div class=\"elementor-column elementor-col-100 elementor-top-column elementor-element elementor-element-m07qusn\" data-id=\"m07qusn\" data-element_type=\"column\" data-e-type=\"column\">\n\t\t\t<div class=\"elementor-widget-wrap elementor-element-populated\">\n\t\t\t\t\t\t<div class=\"elementor-element elementor-element-a2lamfp elementor-widget elementor-widget-text-editor\" data-id=\"a2lamfp\" data-element_type=\"widget\" data-e-type=\"widget\" data-widget_type=\"text-editor.default\">\n\t\t\t\t<div class=\"elementor-widget-container\">\n\t\t\t\t\t\t\t\t\t<h5><span style=\"font-size: x-large;\">Cr\u00e9ations 2017<\/span><\/h5>\t\t\t\t\t\t\t\t<\/div>\n\t\t\t\t<\/div>\n\t\t\t\t\t<\/div>\n\t\t<\/div>\n\t\t\t\t\t<\/div>\n\t\t<\/section>\n\t\t\t\t<section class=\"elementor-section elementor-top-section elementor-element elementor-element-qj2w87j elementor-section-boxed elementor-section-height-default elementor-section-height-default\" data-id=\"qj2w87j\" data-element_type=\"section\" data-e-type=\"section\">\n\t\t\t\t\t\t<div class=\"elementor-container elementor-column-gap-default\">\n\t\t\t\t\t<div class=\"elementor-column elementor-col-100 elementor-top-column elementor-element elementor-element-gop9knj\" data-id=\"gop9knj\" data-element_type=\"column\" data-e-type=\"column\">\n\t\t\t<div class=\"elementor-widget-wrap elementor-element-populated\">\n\t\t\t\t\t\t<div class=\"elementor-element elementor-element-72p8kss elementor-widget-divider--view-line elementor-widget elementor-widget-divider\" data-id=\"72p8kss\" data-element_type=\"widget\" data-e-type=\"widget\" data-widget_type=\"divider.default\">\n\t\t\t\t<div class=\"elementor-widget-container\">\n\t\t\t\t\t\t\t<div class=\"elementor-divider\">\n\t\t\t<span class=\"elementor-divider-separator\">\n\t\t\t\t\t\t<\/span>\n\t\t<\/div>\n\t\t\t\t\t\t<\/div>\n\t\t\t\t<\/div>\n\t\t\t\t\t<\/div>\n\t\t<\/div>\n\t\t\t\t\t<\/div>\n\t\t<\/section>\n\t\t\t\t<section class=\"elementor-section elementor-top-section elementor-element elementor-element-8dbd0de elementor-section-boxed elementor-section-height-default elementor-section-height-default\" data-id=\"8dbd0de\" data-element_type=\"section\" data-e-type=\"section\">\n\t\t\t\t\t\t<div class=\"elementor-container elementor-column-gap-default\">\n\t\t\t\t\t<div class=\"elementor-column elementor-col-100 elementor-top-column elementor-element elementor-element-21053ab\" data-id=\"21053ab\" data-element_type=\"column\" data-e-type=\"column\">\n\t\t\t<div class=\"elementor-widget-wrap elementor-element-populated\">\n\t\t\t\t\t\t<div class=\"elementor-element elementor-element-1878d92 elementor-widget elementor-widget-image\" data-id=\"1878d92\" data-element_type=\"widget\" data-e-type=\"widget\" data-widget_type=\"image.default\">\n\t\t\t\t<div class=\"elementor-widget-container\">\n\t\t\t\t\t\t\t\t\t\t\t\t<figure class=\"wp-caption\">\n\t\t\t\t\t\t\t\t\t\t\t<a href=\"https:\/\/i0.wp.com\/www.alessandra.world\/wp-content\/uploads\/2020\/01\/IMG_5418.jpg?ssl=1\" data-elementor-open-lightbox=\"yes\" data-elementor-lightbox-title=\"IMG_5418\" data-e-action-hash=\"#elementor-action%3Aaction%3Dlightbox%26settings%3DeyJpZCI6NDIyLCJ1cmwiOiJodHRwczpcL1wvYWxlc3NhbmRyYS53b3JsZFwvd3AtY29udGVudFwvdXBsb2Fkc1wvMjAyMFwvMDFcL0lNR181NDE4LmpwZyJ9\">\n\t\t\t\t\t\t\t<img data-recalc-dims=\"1\" decoding=\"async\" src=\"https:\/\/i0.wp.com\/alessandra.world\/wp-content\/uploads\/2020\/01\/IMG_5418.jpg?w=525&#038;ssl=1\" title=\"IMG_5418\" alt=\"IMG_5418\" loading=\"lazy\" \/>\t\t\t\t\t\t\t\t<\/a>\n\t\t\t\t\t\t\t\t\t\t\t<figcaption class=\"widget-image-caption wp-caption-text\">Sable, pigments et peinture 100cm x 150cm<\/figcaption>\n\t\t\t\t\t\t\t\t\t\t<\/figure>\n\t\t\t\t\t\t\t\t\t<\/div>\n\t\t\t\t<\/div>\n\t\t\t\t\t<\/div>\n\t\t<\/div>\n\t\t\t\t\t<\/div>\n\t\t<\/section>\n\t\t\t\t<section class=\"elementor-section elementor-top-section elementor-element elementor-element-6cf4225 elementor-section-boxed elementor-section-height-default elementor-section-height-default\" data-id=\"6cf4225\" data-element_type=\"section\" data-e-type=\"section\">\n\t\t\t\t\t\t<div class=\"elementor-container elementor-column-gap-default\">\n\t\t\t\t\t<div class=\"elementor-column elementor-col-100 elementor-top-column elementor-element elementor-element-e36c27d\" data-id=\"e36c27d\" data-element_type=\"column\" data-e-type=\"column\">\n\t\t\t<div class=\"elementor-widget-wrap elementor-element-populated\">\n\t\t\t\t\t\t<div class=\"elementor-element elementor-element-6700e8a elementor-widget elementor-widget-image\" data-id=\"6700e8a\" data-element_type=\"widget\" data-e-type=\"widget\" data-widget_type=\"image.default\">\n\t\t\t\t<div class=\"elementor-widget-container\">\n\t\t\t\t\t\t\t\t\t\t\t\t<figure class=\"wp-caption\">\n\t\t\t\t\t\t\t\t\t\t\t<a href=\"https:\/\/i0.wp.com\/www.alessandra.world\/wp-content\/uploads\/2020\/01\/IMG_5424.jpg?ssl=1\" data-elementor-open-lightbox=\"yes\" data-elementor-lightbox-title=\"IMG_5424\" data-e-action-hash=\"#elementor-action%3Aaction%3Dlightbox%26settings%3DeyJpZCI6NDIzLCJ1cmwiOiJodHRwczpcL1wvYWxlc3NhbmRyYS53b3JsZFwvd3AtY29udGVudFwvdXBsb2Fkc1wvMjAyMFwvMDFcL0lNR181NDI0LmpwZyJ9\">\n\t\t\t\t\t\t\t<img decoding=\"async\" src=\"https:\/\/i0.wp.com\/alessandra.world\/wp-content\/uploads\/2020\/01\/IMG_5424.jpg?fit=400%2C400&#038;ssl=1\" title=\"IMG_5424\" alt=\"IMG_5424\" loading=\"lazy\" \/>\t\t\t\t\t\t\t\t<\/a>\n\t\t\t\t\t\t\t\t\t\t\t<figcaption class=\"widget-image-caption wp-caption-text\">Peinture sable et autre 100cm x 100cm<\/figcaption>\n\t\t\t\t\t\t\t\t\t\t<\/figure>\n\t\t\t\t\t\t\t\t\t<\/div>\n\t\t\t\t<\/div>\n\t\t\t\t\t<\/div>\n\t\t<\/div>\n\t\t\t\t\t<\/div>\n\t\t<\/section>\n\t\t\t\t<section class=\"elementor-section elementor-top-section elementor-element elementor-element-2da2f16 elementor-section-boxed elementor-section-height-default elementor-section-height-default\" data-id=\"2da2f16\" data-element_type=\"section\" data-e-type=\"section\">\n\t\t\t\t\t\t<div class=\"elementor-container elementor-column-gap-default\">\n\t\t\t\t\t<div class=\"elementor-column elementor-col-100 elementor-top-column elementor-element elementor-element-82722f9\" data-id=\"82722f9\" data-element_type=\"column\" data-e-type=\"column\">\n\t\t\t<div class=\"elementor-widget-wrap elementor-element-populated\">\n\t\t\t\t\t\t<div class=\"elementor-element elementor-element-73060e4 elementor-widget elementor-widget-image\" data-id=\"73060e4\" data-element_type=\"widget\" data-e-type=\"widget\" data-widget_type=\"image.default\">\n\t\t\t\t<div class=\"elementor-widget-container\">\n\t\t\t\t\t\t\t\t\t\t\t\t<figure class=\"wp-caption\">\n\t\t\t\t\t\t\t\t\t\t\t<a href=\"https:\/\/i0.wp.com\/www.alessandra.world\/wp-content\/uploads\/2019\/09\/B-100x150cm.jpg?ssl=1\" data-elementor-open-lightbox=\"yes\" data-elementor-lightbox-title=\"Sable rose\" data-e-action-hash=\"#elementor-action%3Aaction%3Dlightbox%26settings%3DeyJpZCI6MzczLCJ1cmwiOiJodHRwczpcL1wvYWxlc3NhbmRyYS53b3JsZFwvd3AtY29udGVudFwvdXBsb2Fkc1wvMjAxOVwvMDlcL0ItMTAweDE1MGNtLWUxNTkzNDM3MjI2NzU5LmpwZyJ9\">\n\t\t\t\t\t\t\t<img data-recalc-dims=\"1\" decoding=\"async\" src=\"https:\/\/i0.wp.com\/alessandra.world\/wp-content\/uploads\/2019\/09\/B-100x150cm-e1593437226759.jpg?w=525&#038;ssl=1\" title=\"Sable rose\" alt=\"Sable rose\" loading=\"lazy\" \/>\t\t\t\t\t\t\t\t<\/a>\n\t\t\t\t\t\t\t\t\t\t\t<figcaption class=\"widget-image-caption wp-caption-text\">Sable, pigments et r\u00e9sine<br>1m50 x 1m<\/figcaption>\n\t\t\t\t\t\t\t\t\t\t<\/figure>\n\t\t\t\t\t\t\t\t\t<\/div>\n\t\t\t\t<\/div>\n\t\t\t\t\t<\/div>\n\t\t<\/div>\n\t\t\t\t\t<\/div>\n\t\t<\/section>\n\t\t\t\t<section class=\"elementor-section elementor-top-section elementor-element elementor-element-51abbd8 elementor-section-boxed elementor-section-height-default elementor-section-height-default\" data-id=\"51abbd8\" data-element_type=\"section\" data-e-type=\"section\">\n\t\t\t\t\t\t<div class=\"elementor-container elementor-column-gap-default\">\n\t\t\t\t\t<div class=\"elementor-column elementor-col-100 elementor-top-column elementor-element elementor-element-5f3542c\" data-id=\"5f3542c\" data-element_type=\"column\" data-e-type=\"column\">\n\t\t\t<div class=\"elementor-widget-wrap elementor-element-populated\">\n\t\t\t\t\t\t<div class=\"elementor-element elementor-element-0ca52ed elementor-widget elementor-widget-image\" data-id=\"0ca52ed\" data-element_type=\"widget\" data-e-type=\"widget\" data-widget_type=\"image.default\">\n\t\t\t\t<div class=\"elementor-widget-container\">\n\t\t\t\t\t\t\t\t\t\t\t\t<figure class=\"wp-caption\">\n\t\t\t\t\t\t\t\t\t\t\t<a href=\"https:\/\/i0.wp.com\/www.alessandra.world\/wp-content\/uploads\/2020\/06\/IMG_9525-edited-scaled.jpg?ssl=1\" data-elementor-open-lightbox=\"yes\" data-elementor-lightbox-title=\"IMG_9525-edited\" data-e-action-hash=\"#elementor-action%3Aaction%3Dlightbox%26settings%3DeyJpZCI6NTg5LCJ1cmwiOiJodHRwczpcL1wvYWxlc3NhbmRyYS53b3JsZFwvd3AtY29udGVudFwvdXBsb2Fkc1wvMjAyMFwvMDZcL0lNR185NTI1LWVkaXRlZC1zY2FsZWQuanBnIn0%3D\">\n\t\t\t\t\t\t\t<img data-recalc-dims=\"1\" decoding=\"async\" src=\"https:\/\/i0.wp.com\/alessandra.world\/wp-content\/uploads\/2020\/06\/IMG_9525-edited-scaled.jpg?w=525&#038;ssl=1\" title=\"IMG_9525-edited\" alt=\"IMG_9525-edited\" loading=\"lazy\" \/>\t\t\t\t\t\t\t\t<\/a>\n\t\t\t\t\t\t\t\t\t\t\t<figcaption class=\"widget-image-caption wp-caption-text\">Sable, pigments et r\u00e9sine<br>1m x 1m50<\/figcaption>\n\t\t\t\t\t\t\t\t\t\t<\/figure>\n\t\t\t\t\t\t\t\t\t<\/div>\n\t\t\t\t<\/div>\n\t\t\t\t\t<\/div>\n\t\t<\/div>\n\t\t\t\t\t<\/div>\n\t\t<\/section>\n\t\t\t\t<section class=\"elementor-section elementor-top-section elementor-element elementor-element-3dbb9e8 elementor-section-boxed elementor-section-height-default elementor-section-height-default\" data-id=\"3dbb9e8\" data-element_type=\"section\" data-e-type=\"section\">\n\t\t\t\t\t\t<div class=\"elementor-container elementor-column-gap-default\">\n\t\t\t\t\t<div class=\"elementor-column elementor-col-100 elementor-top-column elementor-element elementor-element-9fa1530\" data-id=\"9fa1530\" data-element_type=\"column\" data-e-type=\"column\">\n\t\t\t<div class=\"elementor-widget-wrap elementor-element-populated\">\n\t\t\t\t\t\t<div class=\"elementor-element elementor-element-644f99d elementor-widget elementor-widget-image\" data-id=\"644f99d\" data-element_type=\"widget\" data-e-type=\"widget\" data-widget_type=\"image.default\">\n\t\t\t\t<div class=\"elementor-widget-container\">\n\t\t\t\t\t\t\t\t\t\t\t\t<figure class=\"wp-caption\">\n\t\t\t\t\t\t\t\t\t\t\t<a href=\"https:\/\/i0.wp.com\/www.alessandra.world\/wp-content\/uploads\/2020\/01\/IMG_5411.jpg?ssl=1\" data-elementor-open-lightbox=\"yes\" data-elementor-lightbox-title=\"IMG_5411\" data-e-action-hash=\"#elementor-action%3Aaction%3Dlightbox%26settings%3DeyJpZCI6NDE5LCJ1cmwiOiJodHRwczpcL1wvYWxlc3NhbmRyYS53b3JsZFwvd3AtY29udGVudFwvdXBsb2Fkc1wvMjAyMFwvMDFcL0lNR181NDExLmpwZyJ9\">\n\t\t\t\t\t\t\t<img data-recalc-dims=\"1\" decoding=\"async\" src=\"https:\/\/i0.wp.com\/alessandra.world\/wp-content\/uploads\/2020\/01\/IMG_5411.jpg?w=525&#038;ssl=1\" title=\"IMG_5411\" alt=\"IMG_5411\" loading=\"lazy\" \/>\t\t\t\t\t\t\t\t<\/a>\n\t\t\t\t\t\t\t\t\t\t\t<figcaption class=\"widget-image-caption wp-caption-text\">B\u00e9ton et r\u00e9sine 90cm x 164cm<\/figcaption>\n\t\t\t\t\t\t\t\t\t\t<\/figure>\n\t\t\t\t\t\t\t\t\t<\/div>\n\t\t\t\t<\/div>\n\t\t\t\t\t<\/div>\n\t\t<\/div>\n\t\t\t\t\t<\/div>\n\t\t<\/section>\n\t\t\t\t<section class=\"elementor-section elementor-top-section elementor-element elementor-element-cfa1538 elementor-section-boxed elementor-section-height-default elementor-section-height-default\" data-id=\"cfa1538\" data-element_type=\"section\" data-e-type=\"section\">\n\t\t\t\t\t\t<div class=\"elementor-container elementor-column-gap-default\">\n\t\t\t\t\t<div class=\"elementor-column elementor-col-100 elementor-top-column elementor-element elementor-element-5a512bf\" data-id=\"5a512bf\" data-element_type=\"column\" data-e-type=\"column\">\n\t\t\t<div class=\"elementor-widget-wrap elementor-element-populated\">\n\t\t\t\t\t\t<div class=\"elementor-element elementor-element-c11cd47 elementor-widget elementor-widget-image\" data-id=\"c11cd47\" data-element_type=\"widget\" data-e-type=\"widget\" data-widget_type=\"image.default\">\n\t\t\t\t<div class=\"elementor-widget-container\">\n\t\t\t\t\t\t\t\t\t\t\t\t<figure class=\"wp-caption\">\n\t\t\t\t\t\t\t\t\t\t\t<a href=\"https:\/\/i0.wp.com\/www.alessandra.world\/wp-content\/uploads\/2020\/01\/IMG_5399.jpg?ssl=1\" data-elementor-open-lightbox=\"yes\" data-elementor-lightbox-title=\"IMG_5399\" data-e-action-hash=\"#elementor-action%3Aaction%3Dlightbox%26settings%3DeyJpZCI6NDIwLCJ1cmwiOiJodHRwczpcL1wvYWxlc3NhbmRyYS53b3JsZFwvd3AtY29udGVudFwvdXBsb2Fkc1wvMjAyMFwvMDFcL0lNR181Mzk5LmpwZyJ9\">\n\t\t\t\t\t\t\t<img data-recalc-dims=\"1\" decoding=\"async\" src=\"https:\/\/i0.wp.com\/alessandra.world\/wp-content\/uploads\/2020\/01\/IMG_5399.jpg?w=525&#038;ssl=1\" title=\"IMG_5399\" alt=\"IMG_5399\" loading=\"lazy\" \/>\t\t\t\t\t\t\t\t<\/a>\n\t\t\t\t\t\t\t\t\t\t\t<figcaption class=\"widget-image-caption wp-caption-text\">Sable pigments et r\u00e9sine 60cm x 160cm<\/figcaption>\n\t\t\t\t\t\t\t\t\t\t<\/figure>\n\t\t\t\t\t\t\t\t\t<\/div>\n\t\t\t\t<\/div>\n\t\t\t\t\t<\/div>\n\t\t<\/div>\n\t\t\t\t\t<\/div>\n\t\t<\/section>\n\t\t\t\t<section class=\"elementor-section elementor-top-section elementor-element elementor-element-e4bd704 elementor-section-boxed elementor-section-height-default elementor-section-height-default\" data-id=\"e4bd704\" data-element_type=\"section\" data-e-type=\"section\">\n\t\t\t\t\t\t<div class=\"elementor-container elementor-column-gap-default\">\n\t\t\t\t\t<div class=\"elementor-column elementor-col-100 elementor-top-column elementor-element elementor-element-6696a40\" data-id=\"6696a40\" data-element_type=\"column\" data-e-type=\"column\">\n\t\t\t<div class=\"elementor-widget-wrap elementor-element-populated\">\n\t\t\t\t\t\t<div class=\"elementor-element elementor-element-678adbc elementor-widget elementor-widget-image\" data-id=\"678adbc\" data-element_type=\"widget\" data-e-type=\"widget\" data-widget_type=\"image.default\">\n\t\t\t\t<div class=\"elementor-widget-container\">\n\t\t\t\t\t\t\t\t\t\t\t\t\t\t\t\t<a href=\"https:\/\/i0.wp.com\/www.alessandra.world\/wp-content\/uploads\/2020\/06\/IMG_5399-rotated-1-scaled.jpg?ssl=1\" data-elementor-open-lightbox=\"yes\" data-elementor-lightbox-title=\"IMG_5399-rotated\" data-e-action-hash=\"#elementor-action%3Aaction%3Dlightbox%26settings%3DeyJpZCI6NTc1LCJ1cmwiOiJodHRwczpcL1wvYWxlc3NhbmRyYS53b3JsZFwvd3AtY29udGVudFwvdXBsb2Fkc1wvMjAyMFwvMDZcL0lNR181Mzk5LXJvdGF0ZWQtMS1zY2FsZWQuanBnIn0%3D\">\n\t\t\t\t\t\t\t<img fetchpriority=\"high\" decoding=\"async\" data-attachment-id=\"575\" data-permalink=\"https:\/\/alessandra.world\/index.php\/oeuvres2017\/img_5399-rotated\/\" data-orig-file=\"https:\/\/i0.wp.com\/alessandra.world\/wp-content\/uploads\/2020\/06\/IMG_5399-rotated-1-scaled.jpg?fit=2560%2C933&amp;ssl=1\" data-orig-size=\"2560,933\" data-comments-opened=\"1\" data-image-meta=\"{&quot;aperture&quot;:&quot;1.8&quot;,&quot;credit&quot;:&quot;&quot;,&quot;camera&quot;:&quot;iPhone 8&quot;,&quot;caption&quot;:&quot;&quot;,&quot;created_timestamp&quot;:&quot;1562090216&quot;,&quot;copyright&quot;:&quot;&quot;,&quot;focal_length&quot;:&quot;3.99&quot;,&quot;iso&quot;:&quot;25&quot;,&quot;shutter_speed&quot;:&quot;0.033333333333333&quot;,&quot;title&quot;:&quot;&quot;,&quot;orientation&quot;:&quot;1&quot;}\" data-image-title=\"IMG_5399-rotated\" data-image-description=\"\" data-image-caption=\"\" data-large-file=\"https:\/\/i0.wp.com\/alessandra.world\/wp-content\/uploads\/2020\/06\/IMG_5399-rotated-1-scaled.jpg?fit=525%2C191&amp;ssl=1\" width=\"2560\" height=\"933\" src=\"https:\/\/i0.wp.com\/alessandra.world\/wp-content\/uploads\/2020\/06\/IMG_5399-rotated-1-scaled.jpg?fit=2560%2C933&amp;ssl=1\" class=\"attachment-full size-full wp-image-575\" alt=\"\" srcset=\"https:\/\/i0.wp.com\/alessandra.world\/wp-content\/uploads\/2020\/06\/IMG_5399-rotated-1-scaled.jpg?w=2560&amp;ssl=1 2560w, https:\/\/i0.wp.com\/alessandra.world\/wp-content\/uploads\/2020\/06\/IMG_5399-rotated-1-scaled.jpg?resize=300%2C109&amp;ssl=1 300w, https:\/\/i0.wp.com\/alessandra.world\/wp-content\/uploads\/2020\/06\/IMG_5399-rotated-1-scaled.jpg?resize=1024%2C373&amp;ssl=1 1024w, https:\/\/i0.wp.com\/alessandra.world\/wp-content\/uploads\/2020\/06\/IMG_5399-rotated-1-scaled.jpg?resize=768%2C280&amp;ssl=1 768w, https:\/\/i0.wp.com\/alessandra.world\/wp-content\/uploads\/2020\/06\/IMG_5399-rotated-1-scaled.jpg?resize=1536%2C560&amp;ssl=1 1536w, https:\/\/i0.wp.com\/alessandra.world\/wp-content\/uploads\/2020\/06\/IMG_5399-rotated-1-scaled.jpg?resize=2048%2C747&amp;ssl=1 2048w, https:\/\/i0.wp.com\/alessandra.world\/wp-content\/uploads\/2020\/06\/IMG_5399-rotated-1-scaled.jpg?w=1480 1480w, https:\/\/i0.wp.com\/alessandra.world\/wp-content\/uploads\/2020\/06\/IMG_5399-rotated-1-scaled.jpg?w=2220 2220w\" sizes=\"100vw\" data-attachment-id=\"575\" data-permalink=\"https:\/\/alessandra.world\/index.php\/oeuvres2017\/img_5399-rotated\/\" data-orig-file=\"https:\/\/i0.wp.com\/alessandra.world\/wp-content\/uploads\/2020\/06\/IMG_5399-rotated-1-scaled.jpg?fit=2560%2C933&amp;ssl=1\" data-orig-size=\"2560,933\" data-comments-opened=\"1\" data-image-meta=\"{&quot;aperture&quot;:&quot;1.8&quot;,&quot;credit&quot;:&quot;&quot;,&quot;camera&quot;:&quot;iPhone 8&quot;,&quot;caption&quot;:&quot;&quot;,&quot;created_timestamp&quot;:&quot;1562090216&quot;,&quot;copyright&quot;:&quot;&quot;,&quot;focal_length&quot;:&quot;3.99&quot;,&quot;iso&quot;:&quot;25&quot;,&quot;shutter_speed&quot;:&quot;0.033333333333333&quot;,&quot;title&quot;:&quot;&quot;,&quot;orientation&quot;:&quot;1&quot;}\" data-image-title=\"IMG_5399-rotated\" data-image-description=\"\" data-image-caption=\"\" data-large-file=\"https:\/\/i0.wp.com\/alessandra.world\/wp-content\/uploads\/2020\/06\/IMG_5399-rotated-1-scaled.jpg?fit=740%2C270&amp;ssl=1\" \/>\t\t\t\t\t\t\t\t<\/a>\n\t\t\t\t\t\t\t\t\t\t\t\t\t\t\t<\/div>\n\t\t\t\t<\/div>\n\t\t\t\t\t<\/div>\n\t\t<\/div>\n\t\t\t\t\t<\/div>\n\t\t<\/section>\n\t\t\t\t<\/div>\n\t\t","protected":false},"excerpt":{"rendered":"<p>Cr\u00e9ations 2017 Sable, pigments et peinture 100cm x 150cm Peinture sable et autre 100cm x 100cm Sable, pigments et r\u00e9sine1m50 x 1m Sable, pigments et r\u00e9sine1m x 1m50 B\u00e9ton et r\u00e9sine 90cm x 164cm Sable pigments et r\u00e9sine 60cm x 160cm<\/p>\n","protected":false},"author":2,"featured_media":583,"parent":0,"menu_order":0,"comment_status":"closed","ping_status":"closed","template":"","meta":{"_acf_changed":false,"footnotes":""},"class_list":["post-172","page","type-page","status-publish","has-post-thumbnail","hentry"],"acf":[],"jetpack_sharing_enabled":true,"jetpack_shortlink":"https:\/\/wp.me\/P8Qne6-2M","jetpack-related-posts":[],"_links":{"self":[{"href":"https:\/\/alessandra.world\/index.php\/wp-json\/wp\/v2\/pages\/172","targetHints":{"allow":["GET"]}}],"collection":[{"href":"https:\/\/alessandra.world\/index.php\/wp-json\/wp\/v2\/pages"}],"about":[{"href":"https:\/\/alessandra.world\/index.php\/wp-json\/wp\/v2\/types\/page"}],"author":[{"embeddable":true,"href":"https:\/\/alessandra.world\/index.php\/wp-json\/wp\/v2\/users\/2"}],"replies":[{"embeddable":true,"href":"https:\/\/alessandra.world\/index.php\/wp-json\/wp\/v2\/comments?post=172"}],"version-history":[{"count":41,"href":"https:\/\/alessandra.world\/index.php\/wp-json\/wp\/v2\/pages\/172\/revisions"}],"predecessor-version":[{"id":602,"href":"https:\/\/alessandra.world\/index.php\/wp-json\/wp\/v2\/pages\/172\/revisions\/602"}],"wp:featuredmedia":[{"embeddable":true,"href":"https:\/\/alessandra.world\/index.php\/wp-json\/wp\/v2\/media\/583"}],"wp:attachment":[{"href":"https:\/\/alessandra.world\/index.php\/wp-json\/wp\/v2\/media?parent=172"}],"curies":[{"name":"wp","href":"https:\/\/api.w.org\/{rel}","templated":true}]}}