{"id":335,"date":"2019-09-22T16:52:12","date_gmt":"2019-09-22T14:52:12","guid":{"rendered":"http:\/\/www.alessandra.world\/?page_id=335"},"modified":"2023-08-07T15:07:59","modified_gmt":"2023-08-07T13:07:59","slug":"elements-biographiques","status":"publish","type":"page","link":"https:\/\/alessandra.world\/index.php\/elements-biographiques\/","title":{"rendered":"\u00c9l\u00e9ments biographiques"},"content":{"rendered":"\t\t<div data-elementor-type=\"wp-page\" data-elementor-id=\"335\" class=\"elementor elementor-335\">\n\t\t\t\t\t\t<section class=\"elementor-section elementor-top-section elementor-element elementor-element-18b96a1 elementor-section-boxed elementor-section-height-default elementor-section-height-default\" data-id=\"18b96a1\" data-element_type=\"section\" data-e-type=\"section\">\n\t\t\t\t\t\t<div class=\"elementor-container elementor-column-gap-default\">\n\t\t\t\t\t<div class=\"elementor-column elementor-col-100 elementor-top-column elementor-element elementor-element-855e2d1\" data-id=\"855e2d1\" data-element_type=\"column\" data-e-type=\"column\">\n\t\t\t<div class=\"elementor-widget-wrap elementor-element-populated\">\n\t\t\t\t\t\t<div class=\"elementor-element elementor-element-1791b4e elementor-widget elementor-widget-text-editor\" data-id=\"1791b4e\" data-element_type=\"widget\" data-e-type=\"widget\" data-widget_type=\"text-editor.default\">\n\t\t\t\t<div class=\"elementor-widget-container\">\n\t\t\t\t\t\t\t\t\t<p>ELEMENTS BIOGRAPHIQUES<\/p>\n<p>Alessandra Haldi-Piano<br>N\u00e9e le 18.06.72<br>Artiste Italo-Suisse, \u00e9tablie \u00e0 Gen\u00e8ve depuis 1978.<br>Atelier d\u2019artiste situ\u00e9 au centre-ville de Gen\u00e8ve, au bord du Lac L\u00e9man.<br>Peintre depuis 1991.<\/p>\n<p>FORMATION<\/p>\n<p>Artiste Autodidacte.<br>Formation histoire de l\u2018art.<br>Cours priv\u00e9s aupr\u00e8s de divers artistes, peinture \u00e0 l\u2019huile et dessin.<\/p>\n<p>DEMARCHE<\/p>\n<p>Exp\u00e9rimentation de divers support :<br>Peinture \u00e0 l\u2019huile, peinture acrylique, b\u00e9ton, pigments, bois, r\u00e9sine, sable.<br>Exp\u00e9rimentation de la mati\u00e8re et des couleurs.<br>Artiste peintre de ses d\u00e9buts, devient artiste plasticienne.<br>Des oeuvres min\u00e9rales, jouant avec la mati\u00e8re, les reliefs, la structure, la couleur<br>et le ressenti.<\/p>\n<p>EXPOSITIONS PERSONNELLES<\/p>\n<p>2004-2018<br>Sak\u2019s caf\u00e9 (Gen\u00e8ve)<br>L\u2019Envers du D\u00e9cors (Gen\u00e8ve)<br>Bar \u00e0 Thym (Gen\u00e8ve)<br>Centre M\u00e9dical (Gen\u00e8ve)<br>Expositions priv\u00e9es (Gen\u00e8ve 3 ann\u00e9es cons\u00e9cutives)<br>Expositions priv\u00e9es (St-Cergues 4 ann\u00e9es cons\u00e9cutives)<\/p>\n<p>EXPOSITION COLLECTIVES<\/p>\n<p>2004-2018<br>Th\u00e9\u00e2tre de L\u2019Esp\u00e9rance (Gen\u00e8ve)<\/p>\n<p>2015-2016-2017<br>Galerie Art Villamagna (France 3 ann\u00e9es cons\u00e9cutives)<br>Article de presse journal le Dauphin\u00e9<\/p>\n<p>2017<br>Centre Culturel D\u2019Ibiza (Espagne)<br>Article de Presse ILDiario De Ibiza<\/p>\n<p>2018<br>Galerie Art Villamagna (France)<br>Artiste chez Artraction(Gen\u00e8ve)<br>Expositions dans les entreprises Suisse ventes et location d\u2019oeuvres d\u2019art.<\/p>\n<p>2019<br>1. Galerie D\u2019Ani\u00e8res (Gen\u00e8ve) Exposition avec des artistes d\u2019origine Russes.<br>2. Artiste chez Artraction(Gen\u00e8ve)<br>Expositions dans les entreprises Suisse ventes et location d\u2019oeuvres d\u2019art.<br>3. Parution dans le magazine de d\u00e9coration Loft et D\u00e9coration.<br>4. Exposition aux Palais des Congr\u00e8s, Perpignan.<br>5. Certificat d&rsquo;Excellence obtenu au concours pour exposer <br>\u00e0 Artexpo New-York<\/p>\n<p>2020<br>1. Avril &#8211; Exposition Artexpo New-York (annul\u00e9e pour cause de Covid)<\/p>\n<p>2021<br>1. Juin &#8211; Exposition Art Show Paris X<br>2. Novembre &#8211; Exposition MAG Montreux Art Gallery<br>3. D\u00e9cembre &#8211; Exposition&nbsp;Red Dot Miami | Art Basel Miami<\/p>\n<p>2022<br>1. Avril &#8211; Exposition Artexpo New-York<br>2. Juin &#8211; Exposition Amsterdam Whitney Gallery Manhattan<br>3. Octobre &#8211; Exposition Carousel du Louvre, Paris, France<br><\/p>\n<p>2023<br>1. Mai &#8211; Exposition Contemporary Art, Cannes Biennale, France<br>2. Juin &#8211; Exposition Fine Art, Biennale Basel, Suisse <\/p>\t\t\t\t\t\t\t\t<\/div>\n\t\t\t\t<\/div>\n\t\t\t\t\t<\/div>\n\t\t<\/div>\n\t\t\t\t\t<\/div>\n\t\t<\/section>\n\t\t\t\t<\/div>\n\t\t","protected":false},"excerpt":{"rendered":"<p>ELEMENTS BIOGRAPHIQUES Alessandra Haldi-PianoN\u00e9e le 18.06.72Artiste Italo-Suisse, \u00e9tablie \u00e0 Gen\u00e8ve depuis 1978.Atelier d\u2019artiste situ\u00e9 au centre-ville de Gen\u00e8ve, au bord du Lac L\u00e9man.Peintre depuis 1991. FORMATION Artiste Autodidacte.Formation histoire de l\u2018art.Cours priv\u00e9s aupr\u00e8s de divers artistes, peinture \u00e0 l\u2019huile et dessin. DEMARCHE Exp\u00e9rimentation de divers support :Peinture \u00e0 l\u2019huile, peinture acrylique, b\u00e9ton, pigments, bois, r\u00e9sine, &hellip; <\/p>\n<p class=\"link-more\"><a href=\"https:\/\/alessandra.world\/index.php\/elements-biographiques\/\" class=\"more-link\">Continuer la lecture<span class=\"screen-reader-text\"> de &laquo;&nbsp;\u00c9l\u00e9ments biographiques&nbsp;&raquo;<\/span><\/a><\/p>\n","protected":false},"author":1,"featured_media":0,"parent":0,"menu_order":0,"comment_status":"closed","ping_status":"closed","template":"","meta":{"_acf_changed":false,"footnotes":""},"class_list":["post-335","page","type-page","status-publish","hentry"],"acf":[],"jetpack_sharing_enabled":true,"jetpack_shortlink":"https:\/\/wp.me\/P8Qne6-5p","jetpack-related-posts":[],"_links":{"self":[{"href":"https:\/\/alessandra.world\/index.php\/wp-json\/wp\/v2\/pages\/335","targetHints":{"allow":["GET"]}}],"collection":[{"href":"https:\/\/alessandra.world\/index.php\/wp-json\/wp\/v2\/pages"}],"about":[{"href":"https:\/\/alessandra.world\/index.php\/wp-json\/wp\/v2\/types\/page"}],"author":[{"embeddable":true,"href":"https:\/\/alessandra.world\/index.php\/wp-json\/wp\/v2\/users\/1"}],"replies":[{"embeddable":true,"href":"https:\/\/alessandra.world\/index.php\/wp-json\/wp\/v2\/comments?post=335"}],"version-history":[{"count":22,"href":"https:\/\/alessandra.world\/index.php\/wp-json\/wp\/v2\/pages\/335\/revisions"}],"predecessor-version":[{"id":873,"href":"https:\/\/alessandra.world\/index.php\/wp-json\/wp\/v2\/pages\/335\/revisions\/873"}],"wp:attachment":[{"href":"https:\/\/alessandra.world\/index.php\/wp-json\/wp\/v2\/media?parent=335"}],"curies":[{"name":"wp","href":"https:\/\/api.w.org\/{rel}","templated":true}]}}