{"id":703,"date":"2022-05-07T21:56:37","date_gmt":"2022-05-07T19:56:37","guid":{"rendered":"https:\/\/alessandra.world\/?page_id=703"},"modified":"2023-08-06T19:01:35","modified_gmt":"2023-08-06T17:01:35","slug":"oeuvres-2022","status":"publish","type":"page","link":"https:\/\/alessandra.world\/index.php\/oeuvres-2022\/","title":{"rendered":"\u0152uvres 2022"},"content":{"rendered":"\t\t<div data-elementor-type=\"wp-page\" data-elementor-id=\"703\" class=\"elementor elementor-703\">\n\t\t\t\t\t\t<section class=\"elementor-section elementor-top-section elementor-element elementor-element-c1756f6 elementor-section-boxed elementor-section-height-default elementor-section-height-default\" data-id=\"c1756f6\" data-element_type=\"section\" data-e-type=\"section\">\n\t\t\t\t\t\t<div class=\"elementor-container elementor-column-gap-default\">\n\t\t\t\t\t<div class=\"elementor-column elementor-col-100 elementor-top-column elementor-element elementor-element-1c574fe\" data-id=\"1c574fe\" data-element_type=\"column\" data-e-type=\"column\">\n\t\t\t<div class=\"elementor-widget-wrap elementor-element-populated\">\n\t\t\t\t\t\t<div class=\"elementor-element elementor-element-5a50098 elementor-widget elementor-widget-heading\" data-id=\"5a50098\" data-element_type=\"widget\" data-e-type=\"widget\" data-widget_type=\"heading.default\">\n\t\t\t\t<div class=\"elementor-widget-container\">\n\t\t\t\t\t<h1 class=\"elementor-heading-title elementor-size-default\">\u0152uvre 2022<\/h1>\t\t\t\t<\/div>\n\t\t\t\t<\/div>\n\t\t\t\t\t<\/div>\n\t\t<\/div>\n\t\t\t\t\t<\/div>\n\t\t<\/section>\n\t\t\t\t<section class=\"elementor-section elementor-top-section elementor-element elementor-element-2204ed2 elementor-section-boxed elementor-section-height-default elementor-section-height-default\" data-id=\"2204ed2\" data-element_type=\"section\" data-e-type=\"section\">\n\t\t\t\t\t\t<div class=\"elementor-container elementor-column-gap-default\">\n\t\t\t\t\t<div class=\"elementor-column elementor-col-100 elementor-top-column elementor-element elementor-element-bdb6a24\" data-id=\"bdb6a24\" data-element_type=\"column\" data-e-type=\"column\">\n\t\t\t<div class=\"elementor-widget-wrap elementor-element-populated\">\n\t\t\t\t\t\t<div class=\"elementor-element elementor-element-2384ccc elementor-widget elementor-widget-image\" data-id=\"2384ccc\" data-element_type=\"widget\" data-e-type=\"widget\" data-widget_type=\"image.default\">\n\t\t\t\t<div class=\"elementor-widget-container\">\n\t\t\t\t\t\t\t\t\t\t\t\t<figure class=\"wp-caption\">\n\t\t\t\t\t\t\t\t\t\t\t<a href=\"https:\/\/i0.wp.com\/alessandra.world\/wp-content\/uploads\/2022\/05\/photo1651351060.jpeg\" data-elementor-open-lightbox=\"yes\" data-elementor-lightbox-title=\"photo1651351060\" data-e-action-hash=\"#elementor-action%3Aaction%3Dlightbox%26settings%3DeyJpZCI6NzA0LCJ1cmwiOiJodHRwczpcL1wvYWxlc3NhbmRyYS53b3JsZFwvd3AtY29udGVudFwvdXBsb2Fkc1wvMjAyMlwvMDVcL3Bob3RvMTY1MTM1MTA2MC5qcGVnIn0%3D\">\n\t\t\t\t\t\t\t<img fetchpriority=\"high\" decoding=\"async\" data-attachment-id=\"704\" data-permalink=\"https:\/\/alessandra.world\/index.php\/oeuvres-2022\/photo1651351060\/\" data-orig-file=\"https:\/\/i0.wp.com\/alessandra.world\/wp-content\/uploads\/2022\/05\/photo1651351060.jpeg?fit=1280%2C1260&amp;ssl=1\" data-orig-size=\"1280,1260\" data-comments-opened=\"1\" data-image-meta=\"{&quot;aperture&quot;:&quot;0&quot;,&quot;credit&quot;:&quot;&quot;,&quot;camera&quot;:&quot;&quot;,&quot;caption&quot;:&quot;&quot;,&quot;created_timestamp&quot;:&quot;0&quot;,&quot;copyright&quot;:&quot;&quot;,&quot;focal_length&quot;:&quot;0&quot;,&quot;iso&quot;:&quot;0&quot;,&quot;shutter_speed&quot;:&quot;0&quot;,&quot;title&quot;:&quot;&quot;,&quot;orientation&quot;:&quot;0&quot;}\" data-image-title=\"photo1651351060\" data-image-description=\"\" data-image-caption=\"\" data-large-file=\"https:\/\/i0.wp.com\/alessandra.world\/wp-content\/uploads\/2022\/05\/photo1651351060.jpeg?fit=525%2C517&amp;ssl=1\" width=\"644\" height=\"634\" src=\"https:\/\/i0.wp.com\/alessandra.world\/wp-content\/uploads\/2022\/05\/photo1651351060.jpeg?fit=644%2C634&amp;ssl=1\" class=\"attachment-large size-large wp-image-704\" alt=\"\" srcset=\"https:\/\/i0.wp.com\/alessandra.world\/wp-content\/uploads\/2022\/05\/photo1651351060.jpeg?w=1280&amp;ssl=1 1280w, https:\/\/i0.wp.com\/alessandra.world\/wp-content\/uploads\/2022\/05\/photo1651351060.jpeg?resize=300%2C295&amp;ssl=1 300w, https:\/\/i0.wp.com\/alessandra.world\/wp-content\/uploads\/2022\/05\/photo1651351060.jpeg?resize=1024%2C1008&amp;ssl=1 1024w, https:\/\/i0.wp.com\/alessandra.world\/wp-content\/uploads\/2022\/05\/photo1651351060.jpeg?resize=768%2C756&amp;ssl=1 768w\" sizes=\"100vw\" data-attachment-id=\"704\" data-permalink=\"https:\/\/alessandra.world\/index.php\/oeuvres-2022\/photo1651351060\/\" data-orig-file=\"https:\/\/i0.wp.com\/alessandra.world\/wp-content\/uploads\/2022\/05\/photo1651351060.jpeg?fit=1280%2C1260&amp;ssl=1\" data-orig-size=\"1280,1260\" data-comments-opened=\"1\" data-image-meta=\"{&quot;aperture&quot;:&quot;0&quot;,&quot;credit&quot;:&quot;&quot;,&quot;camera&quot;:&quot;&quot;,&quot;caption&quot;:&quot;&quot;,&quot;created_timestamp&quot;:&quot;0&quot;,&quot;copyright&quot;:&quot;&quot;,&quot;focal_length&quot;:&quot;0&quot;,&quot;iso&quot;:&quot;0&quot;,&quot;shutter_speed&quot;:&quot;0&quot;,&quot;title&quot;:&quot;&quot;,&quot;orientation&quot;:&quot;0&quot;}\" data-image-title=\"photo1651351060\" data-image-description=\"\" data-image-caption=\"\" data-large-file=\"https:\/\/i0.wp.com\/alessandra.world\/wp-content\/uploads\/2022\/05\/photo1651351060.jpeg?fit=644%2C634&amp;ssl=1\" \/>\t\t\t\t\t\t\t\t<\/a>\n\t\t\t\t\t\t\t\t\t\t\t<figcaption class=\"widget-image-caption wp-caption-text\">Sable, pigments naturels color\u00e9s, r\u00e9sine, peinture <br>1m x 1m<\/figcaption>\n\t\t\t\t\t\t\t\t\t\t<\/figure>\n\t\t\t\t\t\t\t\t\t<\/div>\n\t\t\t\t<\/div>\n\t\t\t\t\t<\/div>\n\t\t<\/div>\n\t\t\t\t\t<\/div>\n\t\t<\/section>\n\t\t\t\t<section class=\"elementor-section elementor-top-section elementor-element elementor-element-8baec32 elementor-section-boxed elementor-section-height-default elementor-section-height-default\" data-id=\"8baec32\" data-element_type=\"section\" data-e-type=\"section\">\n\t\t\t\t\t\t<div class=\"elementor-container elementor-column-gap-default\">\n\t\t\t\t\t<div class=\"elementor-column elementor-col-100 elementor-top-column elementor-element elementor-element-45dcf4e\" data-id=\"45dcf4e\" data-element_type=\"column\" data-e-type=\"column\">\n\t\t\t<div class=\"elementor-widget-wrap elementor-element-populated\">\n\t\t\t\t\t\t<div class=\"elementor-element elementor-element-f561a5b elementor-widget elementor-widget-image\" data-id=\"f561a5b\" data-element_type=\"widget\" data-e-type=\"widget\" data-widget_type=\"image.default\">\n\t\t\t\t<div class=\"elementor-widget-container\">\n\t\t\t\t\t\t\t\t\t\t\t\t<figure class=\"wp-caption\">\n\t\t\t\t\t\t\t\t\t\t\t<a href=\"https:\/\/i0.wp.com\/alessandra.world\/wp-content\/uploads\/2023\/08\/photo_2023-08-06_18-55-40.jpg?ssl=1\" data-elementor-open-lightbox=\"yes\" data-elementor-lightbox-title=\"photo_2023-08-06_18-55-40\" data-e-action-hash=\"#elementor-action%3Aaction%3Dlightbox%26settings%3DeyJpZCI6ODQxLCJ1cmwiOiJodHRwczpcL1wvYWxlc3NhbmRyYS53b3JsZFwvd3AtY29udGVudFwvdXBsb2Fkc1wvMjAyM1wvMDhcL3Bob3RvXzIwMjMtMDgtMDZfMTgtNTUtNDAuanBnIn0%3D\">\n\t\t\t\t\t\t\t<img decoding=\"async\" data-attachment-id=\"841\" data-permalink=\"https:\/\/alessandra.world\/photo_2023-08-06_18-55-40\/\" data-orig-file=\"https:\/\/i0.wp.com\/alessandra.world\/wp-content\/uploads\/2023\/08\/photo_2023-08-06_18-55-40.jpg?fit=1280%2C1189&amp;ssl=1\" data-orig-size=\"1280,1189\" data-comments-opened=\"1\" data-image-meta=\"{&quot;aperture&quot;:&quot;0&quot;,&quot;credit&quot;:&quot;&quot;,&quot;camera&quot;:&quot;&quot;,&quot;caption&quot;:&quot;&quot;,&quot;created_timestamp&quot;:&quot;0&quot;,&quot;copyright&quot;:&quot;&quot;,&quot;focal_length&quot;:&quot;0&quot;,&quot;iso&quot;:&quot;0&quot;,&quot;shutter_speed&quot;:&quot;0&quot;,&quot;title&quot;:&quot;&quot;,&quot;orientation&quot;:&quot;0&quot;}\" data-image-title=\"photo_2023-08-06_18-55-40\" data-image-description=\"\" data-image-caption=\"\" data-large-file=\"https:\/\/i0.wp.com\/alessandra.world\/wp-content\/uploads\/2023\/08\/photo_2023-08-06_18-55-40.jpg?fit=525%2C488&amp;ssl=1\" width=\"644\" height=\"598\" src=\"https:\/\/i0.wp.com\/alessandra.world\/wp-content\/uploads\/2023\/08\/photo_2023-08-06_18-55-40.jpg?fit=644%2C598&amp;ssl=1\" class=\"attachment-large size-large wp-image-841\" alt=\"\" srcset=\"https:\/\/i0.wp.com\/alessandra.world\/wp-content\/uploads\/2023\/08\/photo_2023-08-06_18-55-40.jpg?w=1280&amp;ssl=1 1280w, https:\/\/i0.wp.com\/alessandra.world\/wp-content\/uploads\/2023\/08\/photo_2023-08-06_18-55-40.jpg?resize=300%2C279&amp;ssl=1 300w, https:\/\/i0.wp.com\/alessandra.world\/wp-content\/uploads\/2023\/08\/photo_2023-08-06_18-55-40.jpg?resize=1024%2C951&amp;ssl=1 1024w, https:\/\/i0.wp.com\/alessandra.world\/wp-content\/uploads\/2023\/08\/photo_2023-08-06_18-55-40.jpg?resize=768%2C713&amp;ssl=1 768w\" sizes=\"100vw\" data-attachment-id=\"841\" data-permalink=\"https:\/\/alessandra.world\/photo_2023-08-06_18-55-40\/\" data-orig-file=\"https:\/\/i0.wp.com\/alessandra.world\/wp-content\/uploads\/2023\/08\/photo_2023-08-06_18-55-40.jpg?fit=1280%2C1189&amp;ssl=1\" data-orig-size=\"1280,1189\" data-comments-opened=\"1\" data-image-meta=\"{&quot;aperture&quot;:&quot;0&quot;,&quot;credit&quot;:&quot;&quot;,&quot;camera&quot;:&quot;&quot;,&quot;caption&quot;:&quot;&quot;,&quot;created_timestamp&quot;:&quot;0&quot;,&quot;copyright&quot;:&quot;&quot;,&quot;focal_length&quot;:&quot;0&quot;,&quot;iso&quot;:&quot;0&quot;,&quot;shutter_speed&quot;:&quot;0&quot;,&quot;title&quot;:&quot;&quot;,&quot;orientation&quot;:&quot;0&quot;}\" data-image-title=\"photo_2023-08-06_18-55-40\" data-image-description=\"\" data-image-caption=\"\" data-large-file=\"https:\/\/i0.wp.com\/alessandra.world\/wp-content\/uploads\/2023\/08\/photo_2023-08-06_18-55-40.jpg?fit=644%2C598&amp;ssl=1\" \/>\t\t\t\t\t\t\t\t<\/a>\n\t\t\t\t\t\t\t\t\t\t\t<figcaption class=\"widget-image-caption wp-caption-text\">Sable, pigments naturels color\u00e9s, r\u00e9sine, peinture, coquillages, pierres semi-pr\u00e9cieuses<br>90cm x 90cm<\/figcaption>\n\t\t\t\t\t\t\t\t\t\t<\/figure>\n\t\t\t\t\t\t\t\t\t<\/div>\n\t\t\t\t<\/div>\n\t\t\t\t\t<\/div>\n\t\t<\/div>\n\t\t\t\t\t<\/div>\n\t\t<\/section>\n\t\t\t\t<section class=\"elementor-section elementor-top-section elementor-element elementor-element-69feb1e elementor-section-boxed elementor-section-height-default elementor-section-height-default\" data-id=\"69feb1e\" data-element_type=\"section\" data-e-type=\"section\">\n\t\t\t\t\t\t<div class=\"elementor-container elementor-column-gap-default\">\n\t\t\t\t\t<div class=\"elementor-column elementor-col-100 elementor-top-column elementor-element elementor-element-fb17ade\" data-id=\"fb17ade\" data-element_type=\"column\" data-e-type=\"column\">\n\t\t\t<div class=\"elementor-widget-wrap elementor-element-populated\">\n\t\t\t\t\t\t<div class=\"elementor-element elementor-element-e7b800f elementor-widget elementor-widget-image\" data-id=\"e7b800f\" data-element_type=\"widget\" data-e-type=\"widget\" data-widget_type=\"image.default\">\n\t\t\t\t<div class=\"elementor-widget-container\">\n\t\t\t\t\t\t\t\t\t\t\t\t<figure class=\"wp-caption\">\n\t\t\t\t\t\t\t\t\t\t\t<a href=\"https:\/\/i0.wp.com\/alessandra.world\/wp-content\/uploads\/2023\/08\/photo_2023-08-06_18-59-01.jpg?ssl=1\" data-elementor-open-lightbox=\"yes\" data-elementor-lightbox-title=\"photo_2023-08-06_18-59-01\" data-e-action-hash=\"#elementor-action%3Aaction%3Dlightbox%26settings%3DeyJpZCI6ODQyLCJ1cmwiOiJodHRwczpcL1wvYWxlc3NhbmRyYS53b3JsZFwvd3AtY29udGVudFwvdXBsb2Fkc1wvMjAyM1wvMDhcL3Bob3RvXzIwMjMtMDgtMDZfMTgtNTktMDEuanBnIn0%3D\">\n\t\t\t\t\t\t\t<img decoding=\"async\" data-attachment-id=\"842\" data-permalink=\"https:\/\/alessandra.world\/photo_2023-08-06_18-59-01\/\" data-orig-file=\"https:\/\/i0.wp.com\/alessandra.world\/wp-content\/uploads\/2023\/08\/photo_2023-08-06_18-59-01.jpg?fit=1277%2C1280&amp;ssl=1\" data-orig-size=\"1277,1280\" data-comments-opened=\"1\" data-image-meta=\"{&quot;aperture&quot;:&quot;0&quot;,&quot;credit&quot;:&quot;&quot;,&quot;camera&quot;:&quot;&quot;,&quot;caption&quot;:&quot;&quot;,&quot;created_timestamp&quot;:&quot;0&quot;,&quot;copyright&quot;:&quot;&quot;,&quot;focal_length&quot;:&quot;0&quot;,&quot;iso&quot;:&quot;0&quot;,&quot;shutter_speed&quot;:&quot;0&quot;,&quot;title&quot;:&quot;&quot;,&quot;orientation&quot;:&quot;0&quot;}\" data-image-title=\"photo_2023-08-06_18-59-01\" data-image-description=\"\" data-image-caption=\"\" data-large-file=\"https:\/\/i0.wp.com\/alessandra.world\/wp-content\/uploads\/2023\/08\/photo_2023-08-06_18-59-01.jpg?fit=525%2C526&amp;ssl=1\" width=\"644\" height=\"645\" src=\"https:\/\/i0.wp.com\/alessandra.world\/wp-content\/uploads\/2023\/08\/photo_2023-08-06_18-59-01.jpg?fit=644%2C645&amp;ssl=1\" class=\"attachment-large size-large wp-image-842\" alt=\"\" srcset=\"https:\/\/i0.wp.com\/alessandra.world\/wp-content\/uploads\/2023\/08\/photo_2023-08-06_18-59-01.jpg?w=1277&amp;ssl=1 1277w, https:\/\/i0.wp.com\/alessandra.world\/wp-content\/uploads\/2023\/08\/photo_2023-08-06_18-59-01.jpg?resize=300%2C300&amp;ssl=1 300w, https:\/\/i0.wp.com\/alessandra.world\/wp-content\/uploads\/2023\/08\/photo_2023-08-06_18-59-01.jpg?resize=1022%2C1024&amp;ssl=1 1022w, https:\/\/i0.wp.com\/alessandra.world\/wp-content\/uploads\/2023\/08\/photo_2023-08-06_18-59-01.jpg?resize=150%2C150&amp;ssl=1 150w, https:\/\/i0.wp.com\/alessandra.world\/wp-content\/uploads\/2023\/08\/photo_2023-08-06_18-59-01.jpg?resize=768%2C770&amp;ssl=1 768w, https:\/\/i0.wp.com\/alessandra.world\/wp-content\/uploads\/2023\/08\/photo_2023-08-06_18-59-01.jpg?resize=100%2C100&amp;ssl=1 100w\" sizes=\"100vw\" data-attachment-id=\"842\" data-permalink=\"https:\/\/alessandra.world\/photo_2023-08-06_18-59-01\/\" data-orig-file=\"https:\/\/i0.wp.com\/alessandra.world\/wp-content\/uploads\/2023\/08\/photo_2023-08-06_18-59-01.jpg?fit=1277%2C1280&amp;ssl=1\" data-orig-size=\"1277,1280\" data-comments-opened=\"1\" data-image-meta=\"{&quot;aperture&quot;:&quot;0&quot;,&quot;credit&quot;:&quot;&quot;,&quot;camera&quot;:&quot;&quot;,&quot;caption&quot;:&quot;&quot;,&quot;created_timestamp&quot;:&quot;0&quot;,&quot;copyright&quot;:&quot;&quot;,&quot;focal_length&quot;:&quot;0&quot;,&quot;iso&quot;:&quot;0&quot;,&quot;shutter_speed&quot;:&quot;0&quot;,&quot;title&quot;:&quot;&quot;,&quot;orientation&quot;:&quot;0&quot;}\" data-image-title=\"photo_2023-08-06_18-59-01\" data-image-description=\"\" data-image-caption=\"\" data-large-file=\"https:\/\/i0.wp.com\/alessandra.world\/wp-content\/uploads\/2023\/08\/photo_2023-08-06_18-59-01.jpg?fit=644%2C645&amp;ssl=1\" \/>\t\t\t\t\t\t\t\t<\/a>\n\t\t\t\t\t\t\t\t\t\t\t<figcaption class=\"widget-image-caption wp-caption-text\">Sable, pigments naturels color\u00e9s, r\u00e9sine, peinture, coquillages, pierres semi-pr\u00e9cieuses<br>90cm x 90cm<\/figcaption>\n\t\t\t\t\t\t\t\t\t\t<\/figure>\n\t\t\t\t\t\t\t\t\t<\/div>\n\t\t\t\t<\/div>\n\t\t\t\t\t<\/div>\n\t\t<\/div>\n\t\t\t\t\t<\/div>\n\t\t<\/section>\n\t\t\t\t<section class=\"elementor-section elementor-top-section elementor-element elementor-element-096f1a7 elementor-section-boxed elementor-section-height-default elementor-section-height-default\" data-id=\"096f1a7\" data-element_type=\"section\" data-e-type=\"section\">\n\t\t\t\t\t\t<div class=\"elementor-container elementor-column-gap-default\">\n\t\t\t\t\t<div class=\"elementor-column elementor-col-100 elementor-top-column elementor-element elementor-element-60ad767\" data-id=\"60ad767\" data-element_type=\"column\" data-e-type=\"column\">\n\t\t\t<div class=\"elementor-widget-wrap elementor-element-populated\">\n\t\t\t\t\t\t<div class=\"elementor-element elementor-element-b420f7a elementor-widget elementor-widget-image\" data-id=\"b420f7a\" data-element_type=\"widget\" data-e-type=\"widget\" data-widget_type=\"image.default\">\n\t\t\t\t<div class=\"elementor-widget-container\">\n\t\t\t\t\t\t\t\t\t\t\t\t<figure class=\"wp-caption\">\n\t\t\t\t\t\t\t\t\t\t\t<a href=\"https:\/\/i0.wp.com\/alessandra.world\/wp-content\/uploads\/2023\/08\/photo_2023-08-06_18-55-50-e1691341241177.jpg\" data-elementor-open-lightbox=\"yes\" data-elementor-lightbox-title=\"photo_2023-08-06_18-55-50\" data-e-action-hash=\"#elementor-action%3Aaction%3Dlightbox%26settings%3DeyJpZCI6ODQzLCJ1cmwiOiJodHRwczpcL1wvYWxlc3NhbmRyYS53b3JsZFwvd3AtY29udGVudFwvdXBsb2Fkc1wvMjAyM1wvMDhcL3Bob3RvXzIwMjMtMDgtMDZfMTgtNTUtNTAtZTE2OTEzNDEyNDExNzcuanBnIn0%3D\">\n\t\t\t\t\t\t\t<img loading=\"lazy\" decoding=\"async\" data-attachment-id=\"843\" data-permalink=\"https:\/\/alessandra.world\/photo_2023-08-06_18-55-50\/\" data-orig-file=\"https:\/\/i0.wp.com\/alessandra.world\/wp-content\/uploads\/2023\/08\/photo_2023-08-06_18-55-50-e1691341241177.jpg?fit=1280%2C1264&amp;ssl=1\" data-orig-size=\"1280,1264\" data-comments-opened=\"1\" data-image-meta=\"{&quot;aperture&quot;:&quot;0&quot;,&quot;credit&quot;:&quot;&quot;,&quot;camera&quot;:&quot;&quot;,&quot;caption&quot;:&quot;&quot;,&quot;created_timestamp&quot;:&quot;0&quot;,&quot;copyright&quot;:&quot;&quot;,&quot;focal_length&quot;:&quot;0&quot;,&quot;iso&quot;:&quot;0&quot;,&quot;shutter_speed&quot;:&quot;0&quot;,&quot;title&quot;:&quot;&quot;,&quot;orientation&quot;:&quot;0&quot;}\" data-image-title=\"photo_2023-08-06_18-55-50\" data-image-description=\"\" data-image-caption=\"\" data-large-file=\"https:\/\/i0.wp.com\/alessandra.world\/wp-content\/uploads\/2023\/08\/photo_2023-08-06_18-55-50-e1691341241177.jpg?fit=525%2C518&amp;ssl=1\" width=\"644\" height=\"636\" src=\"https:\/\/i0.wp.com\/alessandra.world\/wp-content\/uploads\/2023\/08\/photo_2023-08-06_18-55-50-e1691341241177.jpg?fit=644%2C636&amp;ssl=1\" class=\"attachment-large size-large wp-image-843\" alt=\"\" srcset=\"https:\/\/i0.wp.com\/alessandra.world\/wp-content\/uploads\/2023\/08\/photo_2023-08-06_18-55-50-e1691341241177.jpg?w=1280&amp;ssl=1 1280w, https:\/\/i0.wp.com\/alessandra.world\/wp-content\/uploads\/2023\/08\/photo_2023-08-06_18-55-50-e1691341241177.jpg?resize=300%2C296&amp;ssl=1 300w, https:\/\/i0.wp.com\/alessandra.world\/wp-content\/uploads\/2023\/08\/photo_2023-08-06_18-55-50-e1691341241177.jpg?resize=1024%2C1011&amp;ssl=1 1024w, https:\/\/i0.wp.com\/alessandra.world\/wp-content\/uploads\/2023\/08\/photo_2023-08-06_18-55-50-e1691341241177.jpg?resize=768%2C758&amp;ssl=1 768w, https:\/\/i0.wp.com\/alessandra.world\/wp-content\/uploads\/2023\/08\/photo_2023-08-06_18-55-50-e1691341241177.jpg?resize=100%2C100&amp;ssl=1 100w\" sizes=\"100vw\" data-attachment-id=\"843\" data-permalink=\"https:\/\/alessandra.world\/photo_2023-08-06_18-55-50\/\" data-orig-file=\"https:\/\/i0.wp.com\/alessandra.world\/wp-content\/uploads\/2023\/08\/photo_2023-08-06_18-55-50-e1691341241177.jpg?fit=1280%2C1264&amp;ssl=1\" data-orig-size=\"1280,1264\" data-comments-opened=\"1\" data-image-meta=\"{&quot;aperture&quot;:&quot;0&quot;,&quot;credit&quot;:&quot;&quot;,&quot;camera&quot;:&quot;&quot;,&quot;caption&quot;:&quot;&quot;,&quot;created_timestamp&quot;:&quot;0&quot;,&quot;copyright&quot;:&quot;&quot;,&quot;focal_length&quot;:&quot;0&quot;,&quot;iso&quot;:&quot;0&quot;,&quot;shutter_speed&quot;:&quot;0&quot;,&quot;title&quot;:&quot;&quot;,&quot;orientation&quot;:&quot;0&quot;}\" data-image-title=\"photo_2023-08-06_18-55-50\" data-image-description=\"\" data-image-caption=\"\" data-large-file=\"https:\/\/i0.wp.com\/alessandra.world\/wp-content\/uploads\/2023\/08\/photo_2023-08-06_18-55-50-e1691341241177.jpg?fit=644%2C636&amp;ssl=1\" \/>\t\t\t\t\t\t\t\t<\/a>\n\t\t\t\t\t\t\t\t\t\t\t<figcaption class=\"widget-image-caption wp-caption-text\">Sable, pigments naturels color\u00e9s, r\u00e9sine, peinture, coquillages, pierres semi-pr\u00e9cieuses<br>90cm x 90cm<\/figcaption>\n\t\t\t\t\t\t\t\t\t\t<\/figure>\n\t\t\t\t\t\t\t\t\t<\/div>\n\t\t\t\t<\/div>\n\t\t\t\t\t<\/div>\n\t\t<\/div>\n\t\t\t\t\t<\/div>\n\t\t<\/section>\n\t\t\t\t<\/div>\n\t\t","protected":false},"excerpt":{"rendered":"<p>\u0152uvre 2022 Sable, pigments naturels color\u00e9s, r\u00e9sine, peinture 1m x 1m Sable, pigments naturels color\u00e9s, r\u00e9sine, peinture, coquillages, pierres semi-pr\u00e9cieuses90cm x 90cm Sable, pigments naturels color\u00e9s, r\u00e9sine, peinture, coquillages, pierres semi-pr\u00e9cieuses90cm x 90cm Sable, pigments naturels color\u00e9s, r\u00e9sine, peinture, coquillages, pierres semi-pr\u00e9cieuses90cm x 90cm<\/p>\n","protected":false},"author":2,"featured_media":0,"parent":0,"menu_order":0,"comment_status":"closed","ping_status":"closed","template":"","meta":{"_acf_changed":false,"footnotes":""},"class_list":["post-703","page","type-page","status-publish","hentry"],"acf":[],"jetpack_sharing_enabled":true,"jetpack_shortlink":"https:\/\/wp.me\/P8Qne6-bl","jetpack-related-posts":[],"_links":{"self":[{"href":"https:\/\/alessandra.world\/index.php\/wp-json\/wp\/v2\/pages\/703","targetHints":{"allow":["GET"]}}],"collection":[{"href":"https:\/\/alessandra.world\/index.php\/wp-json\/wp\/v2\/pages"}],"about":[{"href":"https:\/\/alessandra.world\/index.php\/wp-json\/wp\/v2\/types\/page"}],"author":[{"embeddable":true,"href":"https:\/\/alessandra.world\/index.php\/wp-json\/wp\/v2\/users\/2"}],"replies":[{"embeddable":true,"href":"https:\/\/alessandra.world\/index.php\/wp-json\/wp\/v2\/comments?post=703"}],"version-history":[{"count":9,"href":"https:\/\/alessandra.world\/index.php\/wp-json\/wp\/v2\/pages\/703\/revisions"}],"predecessor-version":[{"id":846,"href":"https:\/\/alessandra.world\/index.php\/wp-json\/wp\/v2\/pages\/703\/revisions\/846"}],"wp:attachment":[{"href":"https:\/\/alessandra.world\/index.php\/wp-json\/wp\/v2\/media?parent=703"}],"curies":[{"name":"wp","href":"https:\/\/api.w.org\/{rel}","templated":true}]}}